{"id":7829,"date":"2024-09-24T16:06:49","date_gmt":"2024-09-24T14:06:49","guid":{"rendered":"https:\/\/www.espace-avendre.com\/?post_type=product&#038;p=7829"},"modified":"2025-12-05T18:57:26","modified_gmt":"2025-12-05T17:57:26","slug":"affiche-pieces-detachees-2024","status":"publish","type":"product","link":"https:\/\/www.espace-avendre.com\/en\/affiche-pieces-detachees-2024\/","title":{"rendered":"Affiche \u00ab Pi\u00e8ces d\u00e9tach\u00e9es\u00a0\u00bb 2024"},"content":{"rendered":"\n<p>Affiche de l\u2019exposition<em>\u00a0<\/em><a href=\"https:\/\/www.espace-avendre.com\/exposition\/20-ans-dart-a-nice-1980-2000\/\" data-type=\"link\" data-id=\"https:\/\/www.espace-avendre.com\/exposition\/20-ans-dart-a-nice-1980-2000\/\" target=\"_blank\" rel=\"noreferrer noopener\"><strong>Pi\u00e8ces d\u00e9tach\u00e9es<\/strong><\/a> de C\u00e9dric Teisseire,\u00a0du 28 juin au 21 septembre 2024.<\/p>\n\n\n\n<p>50 x 70 cm, tirage dos bleu.<\/p>\n\n\n\n<p>Non encadr\u00e9<\/p>\n\n\n\n<p>Conception graphique :&nbsp;<a href=\"https:\/\/juliehiet.fr\/\" target=\"_blank\" rel=\"noreferrer noopener\">Julie Hiet<\/a><\/p>\n","protected":false},"excerpt":{"rendered":"<p>Affiche de l\u2019exposition\u00a0Pi\u00e8ces d\u00e9tach\u00e9es de C\u00e9dric Teisseire,\u00a0du 28 juin au 21 septembre 2024. 50 x 70 cm, tirage dos bleu. Non encadr\u00e9 Conception graphique :&nbsp;Julie Hiet<\/p>\n","protected":false},"featured_media":7656,"comment_status":"closed","ping_status":"closed","template":"","meta":{"_acf_changed":false},"product_brand":[],"product_cat":[76,75],"product_tag":[90],"class_list":{"0":"post-7829","1":"product","2":"type-product","3":"status-publish","4":"has-post-thumbnail","6":"product_cat-affiches-espace-a-vendre","7":"product_cat-affiche-espace-a-vendre","8":"product_tag-teisseire","10":"first","11":"instock","12":"shipping-taxable","13":"purchasable","14":"product-type-simple"},"acf":[],"_links":{"self":[{"href":"https:\/\/www.espace-avendre.com\/en\/wp-json\/wp\/v2\/product\/7829","targetHints":{"allow":["GET"]}}],"collection":[{"href":"https:\/\/www.espace-avendre.com\/en\/wp-json\/wp\/v2\/product"}],"about":[{"href":"https:\/\/www.espace-avendre.com\/en\/wp-json\/wp\/v2\/types\/product"}],"replies":[{"embeddable":true,"href":"https:\/\/www.espace-avendre.com\/en\/wp-json\/wp\/v2\/comments?post=7829"}],"wp:featuredmedia":[{"embeddable":true,"href":"https:\/\/www.espace-avendre.com\/en\/wp-json\/wp\/v2\/media\/7656"}],"wp:attachment":[{"href":"https:\/\/www.espace-avendre.com\/en\/wp-json\/wp\/v2\/media?parent=7829"}],"wp:term":[{"taxonomy":"product_brand","embeddable":true,"href":"https:\/\/www.espace-avendre.com\/en\/wp-json\/wp\/v2\/product_brand?post=7829"},{"taxonomy":"product_cat","embeddable":true,"href":"https:\/\/www.espace-avendre.com\/en\/wp-json\/wp\/v2\/product_cat?post=7829"},{"taxonomy":"product_tag","embeddable":true,"href":"https:\/\/www.espace-avendre.com\/en\/wp-json\/wp\/v2\/product_tag?post=7829"}],"curies":[{"name":"wp","href":"https:\/\/api.w.org\/{rel}","templated":true}]}}