{"id":7368,"date":"2024-01-10T16:04:49","date_gmt":"2024-01-10T15:04:49","guid":{"rendered":"https:\/\/www.espace-avendre.com\/?post_type=product&#038;p=7368"},"modified":"2024-01-10T16:04:50","modified_gmt":"2024-01-10T15:04:50","slug":"affiche-eclats-de-nuit-2023-2024","status":"publish","type":"product","link":"https:\/\/www.espace-avendre.com\/en\/affiche-eclats-de-nuit-2023-2024\/","title":{"rendered":"Affiche \u00ab \u00c9clats de nuit\u00a0\u00bb 2023-2024"},"content":{"rendered":"\n<p>Affiche de l\u2019<a href=\"https:\/\/www.espace-avendre.com\/exposition\/eclats-de-nuit\/\" data-type=\"exhibition\" data-id=\"7263\" target=\"_blank\" rel=\"noreferrer noopener\">exposition \u00c9clats de nuit d&#8217;Alice Gauthier<\/a>, du 09 d\u00e9cembre 2023 au 10 f\u00e9vrier 2024.<br>50 x 70 cm, tirage dos bleu.<\/p>\n\n\n\n<p>Conception graphique :&nbsp;<a href=\"https:\/\/juliehiet.fr\/\" target=\"_blank\" rel=\"noreferrer noopener\">Julie Hiet<\/a><\/p>\n","protected":false},"excerpt":{"rendered":"<p>Affiche de l\u2019exposition \u00c9clats de nuit d&#8217;Alice Gauthier, du 09 d\u00e9cembre 2023 au 10 f\u00e9vrier 2024.50 x 70 cm, tirage dos bleu. Conception graphique :&nbsp;Julie Hiet<\/p>\n","protected":false},"featured_media":7369,"comment_status":"closed","ping_status":"closed","template":"","meta":{"_acf_changed":false},"product_brand":[],"product_cat":[76],"product_tag":[85],"class_list":{"0":"post-7368","1":"product","2":"type-product","3":"status-publish","4":"has-post-thumbnail","6":"product_cat-affiches-espace-a-vendre","7":"product_tag-gauthier","9":"first","10":"instock","11":"shipping-taxable","12":"purchasable","13":"product-type-simple"},"acf":[],"_links":{"self":[{"href":"https:\/\/www.espace-avendre.com\/en\/wp-json\/wp\/v2\/product\/7368","targetHints":{"allow":["GET"]}}],"collection":[{"href":"https:\/\/www.espace-avendre.com\/en\/wp-json\/wp\/v2\/product"}],"about":[{"href":"https:\/\/www.espace-avendre.com\/en\/wp-json\/wp\/v2\/types\/product"}],"replies":[{"embeddable":true,"href":"https:\/\/www.espace-avendre.com\/en\/wp-json\/wp\/v2\/comments?post=7368"}],"wp:featuredmedia":[{"embeddable":true,"href":"https:\/\/www.espace-avendre.com\/en\/wp-json\/wp\/v2\/media\/7369"}],"wp:attachment":[{"href":"https:\/\/www.espace-avendre.com\/en\/wp-json\/wp\/v2\/media?parent=7368"}],"wp:term":[{"taxonomy":"product_brand","embeddable":true,"href":"https:\/\/www.espace-avendre.com\/en\/wp-json\/wp\/v2\/product_brand?post=7368"},{"taxonomy":"product_cat","embeddable":true,"href":"https:\/\/www.espace-avendre.com\/en\/wp-json\/wp\/v2\/product_cat?post=7368"},{"taxonomy":"product_tag","embeddable":true,"href":"https:\/\/www.espace-avendre.com\/en\/wp-json\/wp\/v2\/product_tag?post=7368"}],"curies":[{"name":"wp","href":"https:\/\/api.w.org\/{rel}","templated":true}]}}