{"id":7335,"date":"2023-12-22T19:33:47","date_gmt":"2023-12-22T18:33:47","guid":{"rendered":"https:\/\/www.espace-avendre.com\/?post_type=product&#038;p=7335"},"modified":"2024-03-24T13:02:15","modified_gmt":"2024-03-24T12:02:15","slug":"didier-balducci-le-rocknroll-est-mort-mais-son-cadavre-encombre-le-monde-2023","status":"publish","type":"product","link":"https:\/\/www.espace-avendre.com\/en\/didier-balducci-le-rocknroll-est-mort-mais-son-cadavre-encombre-le-monde-2023\/","title":{"rendered":"Didier Balducci &#8211; Le rock&#8217;n&#8217;roll est mort mais son cadavre encombre le monde, 2023"},"content":{"rendered":"\n<p>Pourquoi un livre d\u00e9primant&nbsp;? Parce qu\u2019un livre parlant de rock\u2019n\u2019roll en 2023 est forc\u00e9ment d\u00e9primant. Sp\u00e9cialement quand, durant deux chapitres, il nous explique que le rock\u2019n\u2019roll, le vrai, celui de Vince Taylor et d\u2019Alan Vega, est moribond, ou en \u00e9tat de mort clinique, ou qu\u2019il n\u2019est plus que l\u2019ombre de lui-m\u00eame, ou la sinistre parodie de ce qu\u2019il fut autrefois\u2026 Heureusement, entre ces deux chapitres d\u00e9solants et p\u00e9nibles s\u2019est gliss\u00e9 un troisi\u00e8me, beaucoup plus long, \u00e9galement un peu \u00e9l\u00e9giaque et m\u00e9lancolique, forc\u00e9ment, mais qui est essentiellement, lui, une ode enflamm\u00e9e au rock\u2019n\u2019roll et \u00e0 sa magie surnaturelle, \u00e0 l\u2019innocence et \u00e0 la passion, au pouvoir fascinant de l\u2019\u00e9lectricit\u00e9, \u00e9crit sous la forme d\u2019un interminable chapelet de souvenirs \u00e9pars et essentiellement adolescents.<\/p>\n\n\n\n<p><strong>\u00c9ditions Mono-Tone (2023) 288 p. 11 x 18 cm<\/strong><\/p>\n","protected":false},"excerpt":{"rendered":"<p>Pourquoi un livre d\u00e9primant&nbsp;? Parce qu\u2019un livre parlant de rock\u2019n\u2019roll en 2023 est forc\u00e9ment d\u00e9primant. Sp\u00e9cialement quand, durant deux chapitres, il nous explique que le rock\u2019n\u2019roll, le vrai, celui de Vince Taylor et d\u2019Alan Vega, est moribond, ou en \u00e9tat de mort clinique, ou qu\u2019il n\u2019est plus que l\u2019ombre de lui-m\u00eame, ou la sinistre parodie [&hellip;]<\/p>\n","protected":false},"featured_media":7338,"comment_status":"closed","ping_status":"closed","template":"","meta":{"_acf_changed":false},"product_brand":[],"product_cat":[40],"product_tag":[],"class_list":{"0":"post-7335","1":"product","2":"type-product","3":"status-publish","4":"has-post-thumbnail","6":"product_cat-books","7":"product_shipping_class-livraison-1-livre","9":"first","10":"instock","11":"shipping-taxable","12":"purchasable","13":"product-type-simple"},"acf":[],"_links":{"self":[{"href":"https:\/\/www.espace-avendre.com\/en\/wp-json\/wp\/v2\/product\/7335","targetHints":{"allow":["GET"]}}],"collection":[{"href":"https:\/\/www.espace-avendre.com\/en\/wp-json\/wp\/v2\/product"}],"about":[{"href":"https:\/\/www.espace-avendre.com\/en\/wp-json\/wp\/v2\/types\/product"}],"replies":[{"embeddable":true,"href":"https:\/\/www.espace-avendre.com\/en\/wp-json\/wp\/v2\/comments?post=7335"}],"wp:featuredmedia":[{"embeddable":true,"href":"https:\/\/www.espace-avendre.com\/en\/wp-json\/wp\/v2\/media\/7338"}],"wp:attachment":[{"href":"https:\/\/www.espace-avendre.com\/en\/wp-json\/wp\/v2\/media?parent=7335"}],"wp:term":[{"taxonomy":"product_brand","embeddable":true,"href":"https:\/\/www.espace-avendre.com\/en\/wp-json\/wp\/v2\/product_brand?post=7335"},{"taxonomy":"product_cat","embeddable":true,"href":"https:\/\/www.espace-avendre.com\/en\/wp-json\/wp\/v2\/product_cat?post=7335"},{"taxonomy":"product_tag","embeddable":true,"href":"https:\/\/www.espace-avendre.com\/en\/wp-json\/wp\/v2\/product_tag?post=7335"}],"curies":[{"name":"wp","href":"https:\/\/api.w.org\/{rel}","templated":true}]}}