{"id":7288,"date":"2023-11-30T18:58:14","date_gmt":"2023-11-30T17:58:14","guid":{"rendered":"https:\/\/www.espace-avendre.com\/?post_type=product&#038;p=7288"},"modified":"2023-11-30T19:07:18","modified_gmt":"2023-11-30T18:07:18","slug":"karine-rougier-nous-qui-desirons-sans-fin-2023","status":"publish","type":"product","link":"https:\/\/www.espace-avendre.com\/en\/karine-rougier-nous-qui-desirons-sans-fin-2023\/","title":{"rendered":"Karine Rougier, Nous qui d\u00e9sirons sans fin, 2023."},"content":{"rendered":"\n<p><strong><a href=\"https:\/\/www.espace-avendre.com\/artiste\/karine-rougier\/\" target=\"_blank\" data-type=\"artist\" data-id=\"58\" rel=\"noreferrer noopener\">Karine Rougier<\/a><\/strong>, <em>Nous qui d\u00e9sirons sans fin<\/em>, 2023. (pr\u00e9face Christine Phal)<\/p>\n\n\n\n<p>\u00ab <em>Nous qui d\u00e9sirons sans fin<\/em> \u00bb est le titre de l&#8217;<a href=\"https:\/\/www.drawinglabparis.com\/expositions\/nous-qui-desirons-sans-fin\/\" target=\"_blank\" rel=\"noreferrer noopener\">exposition personnelle de Karine Rougier au Drawing Lab<\/a>. Distingu\u00e9e par le Prix Drawing Now en 2022, l&#8217;artiste profite de cette invitation pour proposer une v\u00e9ritable balade collective. Du dessin au graphite \u00e0 la gouache, de la peinture \u00e0 l&#8217;aquarelle, des films en pellicule aux dioramas, nous vous proposons non pas de d\u00e9couvrir une histoire, mais plut\u00f4t les histoires de Karine Rougier et de ses invit\u00e9s. Comme un plongeon dans le dessin, l&#8217;exposition nous invite \u00e0 jouer, piocher une carte et lire un nouveau monde.<\/p>\n\n\n\n<p>Date de parution : 13\/03\/2023<\/p>\n\n\n\n<p>Editeur : La Manufacture De L&#8217;image<\/p>\n\n\n\n<p>ISBN : 2366690668<\/p>\n\n\n\n<p>Poids : 160 g<\/p>\n\n\n\n<p>Dimensions : 17 x 24 x 0,6 cm<\/p>\n\n\n\n<p>Pages : 39<\/p>\n","protected":false},"excerpt":{"rendered":"<p>Karine Rougier, Nous qui d\u00e9sirons sans fin, 2023. (pr\u00e9face Christine Phal) \u00ab Nous qui d\u00e9sirons sans fin \u00bb est le titre de l&#8217;exposition personnelle de Karine Rougier au Drawing Lab. Distingu\u00e9e par le Prix Drawing Now en 2022, l&#8217;artiste profite de cette invitation pour proposer une v\u00e9ritable balade collective. Du dessin au graphite \u00e0 la [&hellip;]<\/p>\n","protected":false},"featured_media":7291,"comment_status":"closed","ping_status":"closed","template":"","meta":{"_acf_changed":false},"product_brand":[],"product_cat":[40],"product_tag":[52],"class_list":{"0":"post-7288","1":"product","2":"type-product","3":"status-publish","4":"has-post-thumbnail","6":"product_cat-books","7":"product_tag-rougier","8":"product_shipping_class-livraison-1-livre","10":"first","11":"instock","12":"shipping-taxable","13":"purchasable","14":"product-type-simple"},"acf":[],"_links":{"self":[{"href":"https:\/\/www.espace-avendre.com\/en\/wp-json\/wp\/v2\/product\/7288","targetHints":{"allow":["GET"]}}],"collection":[{"href":"https:\/\/www.espace-avendre.com\/en\/wp-json\/wp\/v2\/product"}],"about":[{"href":"https:\/\/www.espace-avendre.com\/en\/wp-json\/wp\/v2\/types\/product"}],"replies":[{"embeddable":true,"href":"https:\/\/www.espace-avendre.com\/en\/wp-json\/wp\/v2\/comments?post=7288"}],"wp:featuredmedia":[{"embeddable":true,"href":"https:\/\/www.espace-avendre.com\/en\/wp-json\/wp\/v2\/media\/7291"}],"wp:attachment":[{"href":"https:\/\/www.espace-avendre.com\/en\/wp-json\/wp\/v2\/media?parent=7288"}],"wp:term":[{"taxonomy":"product_brand","embeddable":true,"href":"https:\/\/www.espace-avendre.com\/en\/wp-json\/wp\/v2\/product_brand?post=7288"},{"taxonomy":"product_cat","embeddable":true,"href":"https:\/\/www.espace-avendre.com\/en\/wp-json\/wp\/v2\/product_cat?post=7288"},{"taxonomy":"product_tag","embeddable":true,"href":"https:\/\/www.espace-avendre.com\/en\/wp-json\/wp\/v2\/product_tag?post=7288"}],"curies":[{"name":"wp","href":"https:\/\/api.w.org\/{rel}","templated":true}]}}