{"id":6740,"date":"2023-05-11T15:30:02","date_gmt":"2023-05-11T13:30:02","guid":{"rendered":"https:\/\/www.espace-avendre.com\/?post_type=product&#038;p=6740"},"modified":"2023-11-23T15:30:44","modified_gmt":"2023-11-23T14:30:44","slug":"caroline-bach-givors-2022","status":"publish","type":"product","link":"https:\/\/www.espace-avendre.com\/en\/caroline-bach-givors-2022\/","title":{"rendered":"Caroline Bach, Givors, 2022."},"content":{"rendered":"\n<div class=\"wp-block-group is-vertical is-layout-flex wp-container-core-group-is-layout-8cf370e7 wp-block-group-is-layout-flex\">\n<p>En immersion totale sur plusieurs p\u00e9riodes, l\u2019artiste a su arpenter les rues, c\u00f4toyer les habitants, d\u00e9couvrir les lieux de convivialit\u00e9 comme les endroits d\u00e9sert\u00e9s. Givors s\u2019est d\u00e9voil\u00e9e \u00e0 elle dans toutes ses facettes : Givors, la r\u00e9sistante, l\u2019industrielle, la sociale, la solidaire, la rebelle, la d\u00e9saffect\u00e9e, la douloureuse.<\/p>\n\n\n\n<p>Givors, au confluent du Gier\u00a0et du Rh\u00f4ne &#8211; \u00c9ditions La Cabane &#8211; 2022<\/p>\n\n\n\n<p>Direction artistique, conception graphique, traitement iconographique et suivi de fabrication : Julie Hiet<br>17 x 22 cm &#8211; 192 pages. ISBN 978-2-9583733-0-6<\/p>\n<\/div>\n\n\n\n<div class=\"wp-block-group\"><div class=\"wp-block-group__inner-container is-layout-constrained wp-block-group-is-layout-constrained\">\n<div class=\"wp-block-group is-vertical is-layout-flex wp-container-core-group-is-layout-8cf370e7 wp-block-group-is-layout-flex\">\n<p class=\"has-text-align-left\">Caroline Bach est n\u00e9e en 1968, elle travaille et r\u00e9side \u00e0 Nice.<br><a href=\"https:\/\/lifam.montpellier.archi.fr\/fr\/\" target=\"_blank\" rel=\"noreferrer noopener\">Membre associ\u00e9e du LIFAM<\/a><\/p>\n\n\n\n<p class=\"has-text-align-left\">Dipl\u00f4m\u00e9e de l\u2019ENSP d\u2019Arles et titulaire d\u2019une th\u00e8se en histoire de l\u2019art, elle m\u00e8ne depuis 2006 un projet intitul\u00e9 \u00ab Le Cycle du travail \u00bb.&nbsp;<\/p>\n<\/div>\n<\/div><\/div>\n","protected":false},"excerpt":{"rendered":"<p>En immersion totale sur plusieurs p\u00e9riodes, l\u2019artiste a su arpenter les rues, c\u00f4toyer les habitants, d\u00e9couvrir les lieux de convivialit\u00e9 comme les endroits d\u00e9sert\u00e9s. Givors s\u2019est d\u00e9voil\u00e9e \u00e0 elle dans toutes ses facettes : Givors, la r\u00e9sistante, l\u2019industrielle, la sociale, la solidaire, la rebelle, la d\u00e9saffect\u00e9e, la douloureuse. Givors, au confluent du Gier\u00a0et du Rh\u00f4ne [&hellip;]<\/p>\n","protected":false},"featured_media":6741,"comment_status":"closed","ping_status":"closed","template":"","meta":{"_acf_changed":false},"product_brand":[],"product_cat":[40],"product_tag":[74],"class_list":{"0":"post-6740","1":"product","2":"type-product","3":"status-publish","4":"has-post-thumbnail","6":"product_cat-books","7":"product_tag-bach","8":"product_shipping_class-livraison-1-livre","10":"first","11":"instock","12":"shipping-taxable","13":"purchasable","14":"product-type-simple"},"acf":[],"_links":{"self":[{"href":"https:\/\/www.espace-avendre.com\/en\/wp-json\/wp\/v2\/product\/6740","targetHints":{"allow":["GET"]}}],"collection":[{"href":"https:\/\/www.espace-avendre.com\/en\/wp-json\/wp\/v2\/product"}],"about":[{"href":"https:\/\/www.espace-avendre.com\/en\/wp-json\/wp\/v2\/types\/product"}],"replies":[{"embeddable":true,"href":"https:\/\/www.espace-avendre.com\/en\/wp-json\/wp\/v2\/comments?post=6740"}],"wp:featuredmedia":[{"embeddable":true,"href":"https:\/\/www.espace-avendre.com\/en\/wp-json\/wp\/v2\/media\/6741"}],"wp:attachment":[{"href":"https:\/\/www.espace-avendre.com\/en\/wp-json\/wp\/v2\/media?parent=6740"}],"wp:term":[{"taxonomy":"product_brand","embeddable":true,"href":"https:\/\/www.espace-avendre.com\/en\/wp-json\/wp\/v2\/product_brand?post=6740"},{"taxonomy":"product_cat","embeddable":true,"href":"https:\/\/www.espace-avendre.com\/en\/wp-json\/wp\/v2\/product_cat?post=6740"},{"taxonomy":"product_tag","embeddable":true,"href":"https:\/\/www.espace-avendre.com\/en\/wp-json\/wp\/v2\/product_tag?post=6740"}],"curies":[{"name":"wp","href":"https:\/\/api.w.org\/{rel}","templated":true}]}}