{"id":5224,"date":"2021-09-22T13:18:30","date_gmt":"2021-09-22T11:18:30","guid":{"rendered":"https:\/\/www.espace-avendre.com\/frederic-clavere-sans-titre-2013\/"},"modified":"2021-10-19T15:24:09","modified_gmt":"2021-10-19T13:24:09","slug":"frederic-clavere-sans-titre-2013","status":"publish","type":"product","link":"https:\/\/www.espace-avendre.com\/en\/frederic-clavere-sans-titre-2013\/","title":{"rendered":"Fr\u00e9d\u00e9ric Clav\u00e8re, Sans titre, 2013."},"content":{"rendered":"\n<p><strong>Fr\u00e9d\u00e9ric Clav\u00e8re<\/strong>, <em>Sans titre, <\/em>2013.<\/p>\n\n\n\n<p><a href=\"https:\/\/www.espace-avendre.com\/en\/store\/#serigraphies\">Silkscreen print<\/a> on Brut de Centaure 300gr, 50 x 70 cm. 50 copies<\/p>\n","protected":false},"excerpt":{"rendered":"<p>Fr\u00e9d\u00e9ric Clav\u00e8re, Sans titre, 2013. Silkscreen print on Brut de Centaure 300gr, 50 x 70 cm. 50 copies<\/p>\n","protected":false},"featured_media":4732,"comment_status":"open","ping_status":"closed","template":"","meta":{"_acf_changed":false},"product_brand":[],"product_cat":[36],"product_tag":[],"class_list":{"0":"post-5224","1":"product","2":"type-product","3":"status-publish","4":"has-post-thumbnail","6":"product_cat-silkscreen-print","8":"first","9":"instock","10":"shipping-taxable","11":"purchasable","12":"product-type-simple"},"acf":[],"_links":{"self":[{"href":"https:\/\/www.espace-avendre.com\/en\/wp-json\/wp\/v2\/product\/5224","targetHints":{"allow":["GET"]}}],"collection":[{"href":"https:\/\/www.espace-avendre.com\/en\/wp-json\/wp\/v2\/product"}],"about":[{"href":"https:\/\/www.espace-avendre.com\/en\/wp-json\/wp\/v2\/types\/product"}],"replies":[{"embeddable":true,"href":"https:\/\/www.espace-avendre.com\/en\/wp-json\/wp\/v2\/comments?post=5224"}],"wp:featuredmedia":[{"embeddable":true,"href":"https:\/\/www.espace-avendre.com\/en\/wp-json\/wp\/v2\/media\/4732"}],"wp:attachment":[{"href":"https:\/\/www.espace-avendre.com\/en\/wp-json\/wp\/v2\/media?parent=5224"}],"wp:term":[{"taxonomy":"product_brand","embeddable":true,"href":"https:\/\/www.espace-avendre.com\/en\/wp-json\/wp\/v2\/product_brand?post=5224"},{"taxonomy":"product_cat","embeddable":true,"href":"https:\/\/www.espace-avendre.com\/en\/wp-json\/wp\/v2\/product_cat?post=5224"},{"taxonomy":"product_tag","embeddable":true,"href":"https:\/\/www.espace-avendre.com\/en\/wp-json\/wp\/v2\/product_tag?post=5224"}],"curies":[{"name":"wp","href":"https:\/\/api.w.org\/{rel}","templated":true}]}}