{"id":5220,"date":"2021-09-22T14:53:44","date_gmt":"2021-09-22T12:53:44","guid":{"rendered":"https:\/\/www.espace-avendre.com\/thierry-lagalla-detail-2021\/"},"modified":"2021-10-14T17:02:34","modified_gmt":"2021-10-14T15:02:34","slug":"thierry-lagalla-detail-2021","status":"publish","type":"product","link":"https:\/\/www.espace-avendre.com\/en\/thierry-lagalla-detail-2021\/","title":{"rendered":"Thierry Lagalla, D\u00e9tail, 2021."},"content":{"rendered":"\n<p><strong>Thierry Lagalla<\/strong>, <em>d\u00e9tail<\/em>, 2021.<\/p>\n\n\n\n<p>Pigment printing on Canson Edition Etching Rag 310 gr, 50 x 70cm.<br>50 copies. <strong><a href=\"https:\/\/www.tchikebe.com\/\" data-type=\"URL\" data-id=\"https:\/\/www.tchikebe.com\/\" target=\"_blank\" rel=\"noopener\">Tchik\u00e9b\u00e9 Edition.<\/a><\/strong><\/p>\n","protected":false},"excerpt":{"rendered":"<p>Thierry Lagalla, d\u00e9tail, 2021. Pigment printing on Canson Edition Etching Rag 310 gr, 50 x 70cm.50 copies. Tchik\u00e9b\u00e9 Edition.<\/p>\n","protected":false},"featured_media":4756,"comment_status":"open","ping_status":"closed","template":"","meta":{"_acf_changed":false},"product_brand":[],"product_cat":[37],"product_tag":[],"class_list":{"0":"post-5220","1":"product","2":"type-product","3":"status-publish","4":"has-post-thumbnail","6":"product_cat-limited-editions","8":"first","9":"instock","10":"shipping-taxable","11":"purchasable","12":"product-type-simple"},"acf":[],"_links":{"self":[{"href":"https:\/\/www.espace-avendre.com\/en\/wp-json\/wp\/v2\/product\/5220","targetHints":{"allow":["GET"]}}],"collection":[{"href":"https:\/\/www.espace-avendre.com\/en\/wp-json\/wp\/v2\/product"}],"about":[{"href":"https:\/\/www.espace-avendre.com\/en\/wp-json\/wp\/v2\/types\/product"}],"replies":[{"embeddable":true,"href":"https:\/\/www.espace-avendre.com\/en\/wp-json\/wp\/v2\/comments?post=5220"}],"wp:featuredmedia":[{"embeddable":true,"href":"https:\/\/www.espace-avendre.com\/en\/wp-json\/wp\/v2\/media\/4756"}],"wp:attachment":[{"href":"https:\/\/www.espace-avendre.com\/en\/wp-json\/wp\/v2\/media?parent=5220"}],"wp:term":[{"taxonomy":"product_brand","embeddable":true,"href":"https:\/\/www.espace-avendre.com\/en\/wp-json\/wp\/v2\/product_brand?post=5220"},{"taxonomy":"product_cat","embeddable":true,"href":"https:\/\/www.espace-avendre.com\/en\/wp-json\/wp\/v2\/product_cat?post=5220"},{"taxonomy":"product_tag","embeddable":true,"href":"https:\/\/www.espace-avendre.com\/en\/wp-json\/wp\/v2\/product_tag?post=5220"}],"curies":[{"name":"wp","href":"https:\/\/api.w.org\/{rel}","templated":true}]}}