{"id":5212,"date":"2021-09-22T15:26:26","date_gmt":"2021-09-22T13:26:26","guid":{"rendered":"https:\/\/www.espace-avendre.com\/didier-balducci-tourisme-parallele-chroniques-tome-i-la-cote-dazur\/"},"modified":"2021-10-14T16:54:05","modified_gmt":"2021-10-14T14:54:05","slug":"didier-balducci-tourisme-parallele-chroniques-tome-i-la-cote-dazur","status":"publish","type":"product","link":"https:\/\/www.espace-avendre.com\/en\/didier-balducci-tourisme-parallele-chroniques-tome-i-la-cote-dazur\/","title":{"rendered":"Didier Balducci, TOURISME PARALL\u00c8LE, Chroniques, Tome I &#8211; La c\u00f4te d&#8217;Azur, 2018."},"content":{"rendered":"\n<p><br><strong>Didier Balducci,<\/strong><em>&nbsp;TOURISME PARALL\u00c8LE,&nbsp;<\/em>Chroniques<em><em><br>Tome I &#8211; La C\u00f4te d&#8217;Azur, 2018.<br>Les \u00c9ditions Mono-Tone<br>15 x 21cm, 145 pages<\/em><\/em>.<\/p>\n\n\n\n<p>French<\/p>\n","protected":false},"excerpt":{"rendered":"<p>Didier Balducci,&nbsp;TOURISME PARALL\u00c8LE,&nbsp;ChroniquesTome I &#8211; La C\u00f4te d&#8217;Azur, 2018.Les \u00c9ditions Mono-Tone15 x 21cm, 145 pages. French<\/p>\n","protected":false},"featured_media":4782,"comment_status":"open","ping_status":"closed","template":"","meta":{"_acf_changed":false},"product_brand":[],"product_cat":[46],"product_tag":[],"class_list":{"0":"post-5212","1":"product","2":"type-product","3":"status-publish","4":"has-post-thumbnail","6":"product_cat-books-en","8":"first","9":"instock","10":"shipping-taxable","11":"purchasable","12":"product-type-simple"},"acf":[],"_links":{"self":[{"href":"https:\/\/www.espace-avendre.com\/en\/wp-json\/wp\/v2\/product\/5212","targetHints":{"allow":["GET"]}}],"collection":[{"href":"https:\/\/www.espace-avendre.com\/en\/wp-json\/wp\/v2\/product"}],"about":[{"href":"https:\/\/www.espace-avendre.com\/en\/wp-json\/wp\/v2\/types\/product"}],"replies":[{"embeddable":true,"href":"https:\/\/www.espace-avendre.com\/en\/wp-json\/wp\/v2\/comments?post=5212"}],"wp:featuredmedia":[{"embeddable":true,"href":"https:\/\/www.espace-avendre.com\/en\/wp-json\/wp\/v2\/media\/4782"}],"wp:attachment":[{"href":"https:\/\/www.espace-avendre.com\/en\/wp-json\/wp\/v2\/media?parent=5212"}],"wp:term":[{"taxonomy":"product_brand","embeddable":true,"href":"https:\/\/www.espace-avendre.com\/en\/wp-json\/wp\/v2\/product_brand?post=5212"},{"taxonomy":"product_cat","embeddable":true,"href":"https:\/\/www.espace-avendre.com\/en\/wp-json\/wp\/v2\/product_cat?post=5212"},{"taxonomy":"product_tag","embeddable":true,"href":"https:\/\/www.espace-avendre.com\/en\/wp-json\/wp\/v2\/product_tag?post=5212"}],"curies":[{"name":"wp","href":"https:\/\/api.w.org\/{rel}","templated":true}]}}