{"id":5211,"date":"2021-09-22T15:28:02","date_gmt":"2021-09-22T13:28:02","guid":{"rendered":"https:\/\/www.espace-avendre.com\/didier-balducci-tourisme-parallele-chroniques-tome-iv-lamerique\/"},"modified":"2021-10-14T16:54:25","modified_gmt":"2021-10-14T14:54:25","slug":"didier-balducci-tourisme-parallele-chroniques-tome-iv-lamerique","status":"publish","type":"product","link":"https:\/\/www.espace-avendre.com\/en\/didier-balducci-tourisme-parallele-chroniques-tome-iv-lamerique\/","title":{"rendered":"Didier Balducci, TOURISME PARALL\u00c8LE, Chroniques, tome IV &#8211; L&#8217;Am\u00e9rique, 2018."},"content":{"rendered":"\n<p><strong>Didier Balducci<\/strong>,<em><em>&nbsp;TOURISME PARALL\u00c8LE, Chroniques<br>Tome IV &#8211; L&#8217;Am\u00e9rique, 2018.<br>Les \u00c9ditions Mono-Tone<br>15 x 21cm, 248 pages<\/em><\/em>.<\/p>\n\n\n\n<p>Couverture Maxime Duveau.<\/p>\n\n\n\n<p>French<\/p>\n","protected":false},"excerpt":{"rendered":"<p>Didier Balducci,&nbsp;TOURISME PARALL\u00c8LE, ChroniquesTome IV &#8211; L&#8217;Am\u00e9rique, 2018.Les \u00c9ditions Mono-Tone15 x 21cm, 248 pages. Couverture Maxime Duveau. French<\/p>\n","protected":false},"featured_media":4778,"comment_status":"open","ping_status":"closed","template":"","meta":{"_acf_changed":false},"product_brand":[],"product_cat":[46],"product_tag":[],"class_list":{"0":"post-5211","1":"product","2":"type-product","3":"status-publish","4":"has-post-thumbnail","6":"product_cat-books-en","8":"first","9":"instock","10":"shipping-taxable","11":"purchasable","12":"product-type-simple"},"acf":[],"_links":{"self":[{"href":"https:\/\/www.espace-avendre.com\/en\/wp-json\/wp\/v2\/product\/5211","targetHints":{"allow":["GET"]}}],"collection":[{"href":"https:\/\/www.espace-avendre.com\/en\/wp-json\/wp\/v2\/product"}],"about":[{"href":"https:\/\/www.espace-avendre.com\/en\/wp-json\/wp\/v2\/types\/product"}],"replies":[{"embeddable":true,"href":"https:\/\/www.espace-avendre.com\/en\/wp-json\/wp\/v2\/comments?post=5211"}],"wp:featuredmedia":[{"embeddable":true,"href":"https:\/\/www.espace-avendre.com\/en\/wp-json\/wp\/v2\/media\/4778"}],"wp:attachment":[{"href":"https:\/\/www.espace-avendre.com\/en\/wp-json\/wp\/v2\/media?parent=5211"}],"wp:term":[{"taxonomy":"product_brand","embeddable":true,"href":"https:\/\/www.espace-avendre.com\/en\/wp-json\/wp\/v2\/product_brand?post=5211"},{"taxonomy":"product_cat","embeddable":true,"href":"https:\/\/www.espace-avendre.com\/en\/wp-json\/wp\/v2\/product_cat?post=5211"},{"taxonomy":"product_tag","embeddable":true,"href":"https:\/\/www.espace-avendre.com\/en\/wp-json\/wp\/v2\/product_tag?post=5211"}],"curies":[{"name":"wp","href":"https:\/\/api.w.org\/{rel}","templated":true}]}}