{"id":5206,"date":"2021-09-22T16:18:08","date_gmt":"2021-09-22T14:18:08","guid":{"rendered":"https:\/\/www.espace-avendre.com\/maxime-duveau-renewal\/"},"modified":"2021-10-14T16:55:55","modified_gmt":"2021-10-14T14:55:55","slug":"maxime-duveau-renewal","status":"publish","type":"product","link":"https:\/\/www.espace-avendre.com\/en\/maxime-duveau-renewal\/","title":{"rendered":"Maxime Duveau, Renewal, 2020."},"content":{"rendered":"\n<p><strong>Maxime Duveau<\/strong>, <em>Renewal<\/em>, 2020.<\/p>\n\n\n\n<p>R\u00e9cit de Didier Balducci, Fondation pour l\u2019art contemporain Claudine et Jean &#8211; Marc Salomon &#8211; La Fabric, Annecy Hippocampe.<\/p>\n\n\n\n<p>Editions <em>Diffusion Les Presses du r\u00e9el<\/em>, 56 pages, 15 x 23 cm (broch\u00e9, couv. \u00e0 rabats).<\/p>\n\n\n\n<p>Bilingual French English<\/p>\n","protected":false},"excerpt":{"rendered":"<p>Maxime Duveau, Renewal, 2020. R\u00e9cit de Didier Balducci, Fondation pour l\u2019art contemporain Claudine et Jean &#8211; Marc Salomon &#8211; La Fabric, Annecy Hippocampe. Editions Diffusion Les Presses du r\u00e9el, 56 pages, 15 x 23 cm (broch\u00e9, couv. \u00e0 rabats). Bilingual French English<\/p>\n","protected":false},"featured_media":4801,"comment_status":"open","ping_status":"closed","template":"","meta":{"_acf_changed":false},"product_brand":[],"product_cat":[46],"product_tag":[],"class_list":{"0":"post-5206","1":"product","2":"type-product","3":"status-publish","4":"has-post-thumbnail","6":"product_cat-books-en","8":"first","9":"instock","10":"shipping-taxable","11":"purchasable","12":"product-type-simple"},"acf":[],"_links":{"self":[{"href":"https:\/\/www.espace-avendre.com\/en\/wp-json\/wp\/v2\/product\/5206","targetHints":{"allow":["GET"]}}],"collection":[{"href":"https:\/\/www.espace-avendre.com\/en\/wp-json\/wp\/v2\/product"}],"about":[{"href":"https:\/\/www.espace-avendre.com\/en\/wp-json\/wp\/v2\/types\/product"}],"replies":[{"embeddable":true,"href":"https:\/\/www.espace-avendre.com\/en\/wp-json\/wp\/v2\/comments?post=5206"}],"wp:featuredmedia":[{"embeddable":true,"href":"https:\/\/www.espace-avendre.com\/en\/wp-json\/wp\/v2\/media\/4801"}],"wp:attachment":[{"href":"https:\/\/www.espace-avendre.com\/en\/wp-json\/wp\/v2\/media?parent=5206"}],"wp:term":[{"taxonomy":"product_brand","embeddable":true,"href":"https:\/\/www.espace-avendre.com\/en\/wp-json\/wp\/v2\/product_brand?post=5206"},{"taxonomy":"product_cat","embeddable":true,"href":"https:\/\/www.espace-avendre.com\/en\/wp-json\/wp\/v2\/product_cat?post=5206"},{"taxonomy":"product_tag","embeddable":true,"href":"https:\/\/www.espace-avendre.com\/en\/wp-json\/wp\/v2\/product_tag?post=5206"}],"curies":[{"name":"wp","href":"https:\/\/api.w.org\/{rel}","templated":true}]}}