{"id":4611,"date":"2021-09-05T22:56:06","date_gmt":"2021-09-05T20:56:06","guid":{"rendered":"https:\/\/www.espace-avendre.com\/galerie-espace-a-vendre-expositions-et-vente-dart-contemporain-a-nice\/"},"modified":"2023-12-01T16:14:06","modified_gmt":"2023-12-01T15:14:06","slug":"galerie-espace-a-vendre-expositions-et-vente-dart-contemporain-a-nice","status":"publish","type":"page","link":"https:\/\/www.espace-avendre.com\/en\/","title":{"rendered":"Espace \u00e0 VENDRE, Contemporary Art, Nice"},"content":{"rendered":"<section id=\"slider-block_8b24efb1e12c36dc075c21f9ef85101d\" class=\"row  fullscreen afg-scroll has-modal\">\n\t<div class=\"afg-slider\">\n\t\t<figure class=\"afg-slide afg-grid-item afg-click\">\n\t<img loading=\"lazy\" decoding=\"async\" width=\"737\" height=\"737\" src=\"https:\/\/www.espace-avendre.com\/wp-content\/uploads\/2023\/11\/stephane-steiner_sans-titre-Soleil-rose-40x40cm_2005.jpg\" class=\"attachment-full size-full wp-post-image\" alt=\"\" srcset=\"https:\/\/www.espace-avendre.com\/wp-content\/uploads\/2023\/11\/stephane-steiner_sans-titre-Soleil-rose-40x40cm_2005.jpg 737w, https:\/\/www.espace-avendre.com\/wp-content\/uploads\/2023\/11\/stephane-steiner_sans-titre-Soleil-rose-40x40cm_2005-300x300.jpg 300w, https:\/\/www.espace-avendre.com\/wp-content\/uploads\/2023\/11\/stephane-steiner_sans-titre-Soleil-rose-40x40cm_2005-150x150.jpg 150w, https:\/\/www.espace-avendre.com\/wp-content\/uploads\/2023\/11\/stephane-steiner_sans-titre-Soleil-rose-40x40cm_2005-600x600.jpg 600w, https:\/\/www.espace-avendre.com\/wp-content\/uploads\/2023\/11\/stephane-steiner_sans-titre-Soleil-rose-40x40cm_2005-100x100.jpg 100w\" sizes=\"auto, (max-width: 737px) 100vw, 737px\" \/>\t \t<figcaption class=\"figcaption\">\n\t \t\t\t\t\t\t\t\t<p><span class=\"date\"><span>09<\/span><span><span>Sat<\/span><span>Dec<\/span><span>2023<\/span><\/span><\/span><span class=\"date\"><span>10<\/span><span><span>Sat<\/span><span>Feb<\/span><span>2024<\/span><\/span><\/span><\/p>\n\t\t\t<h2>\n\t\t\t\t<a href=\"https:\/\/www.espace-avendre.com\/en\/exhibition\/climax-trouble\/\" title=\"Climax Trouble\">\n\t\t\t\t\tClimax Trouble\t\t\t\t\t\t\t\t\t\t\t<span class=\"subtitle\">St\u00e9phane Steiner<\/span>\n\t\t\t\t\t\t\t\t\t<\/a>\n\t\t\t<\/h2>\n\t\t<\/figcaption>\n\t\t<div class=\"opacity\"><\/div>\n<\/figure><figure class=\"afg-slide afg-grid-item afg-click\">\n\t<img loading=\"lazy\" decoding=\"async\" width=\"1134\" height=\"807\" src=\"https:\/\/www.espace-avendre.com\/wp-content\/uploads\/2023\/11\/SOUS-LHORIZON-I.jpg\" class=\"attachment-full size-full wp-post-image\" alt=\"\" srcset=\"https:\/\/www.espace-avendre.com\/wp-content\/uploads\/2023\/11\/SOUS-LHORIZON-I.jpg 1134w, https:\/\/www.espace-avendre.com\/wp-content\/uploads\/2023\/11\/SOUS-LHORIZON-I-300x213.jpg 300w, https:\/\/www.espace-avendre.com\/wp-content\/uploads\/2023\/11\/SOUS-LHORIZON-I-1024x729.jpg 1024w, https:\/\/www.espace-avendre.com\/wp-content\/uploads\/2023\/11\/SOUS-LHORIZON-I-768x547.jpg 768w, https:\/\/www.espace-avendre.com\/wp-content\/uploads\/2023\/11\/SOUS-LHORIZON-I-600x427.jpg 600w\" sizes=\"auto, (max-width: 1134px) 100vw, 1134px\" \/>\t \t<figcaption class=\"figcaption\">\n\t \t\t\t\t\t\t\t\t<p><span class=\"date\"><span>09<\/span><span><span>Sat<\/span><span>Dec<\/span><span>2023<\/span><\/span><\/span><span class=\"date\"><span>10<\/span><span><span>Sat<\/span><span>Feb<\/span><span>2024<\/span><\/span><\/span><\/p>\n\t\t\t<h2>\n\t\t\t\t<a href=\"https:\/\/www.espace-avendre.com\/en\/exhibition\/eclats-de-nuit\/\" title=\"\u00c9clats de nuit\u2028\">\n\t\t\t\t\t\u00c9clats de nuit\u2028\t\t\t\t\t\t\t\t\t\t\t<span class=\"subtitle\">Alice Gauthier &#8211; Exposition personnelle<\/span>\n\t\t\t\t\t\t\t\t\t<\/a>\n\t\t\t<\/h2>\n\t\t<\/figcaption>\n\t\t<div class=\"opacity\"><\/div>\n<\/figure><figure class=\"afg-slide afg-grid-item afg-click\">\n\t<img loading=\"lazy\" decoding=\"async\" width=\"1200\" height=\"1372\" src=\"https:\/\/www.espace-avendre.com\/wp-content\/uploads\/2023\/11\/oui-mais-non-tampographe.jpeg\" class=\"attachment-full size-full wp-post-image\" alt=\"\" srcset=\"https:\/\/www.espace-avendre.com\/wp-content\/uploads\/2023\/11\/oui-mais-non-tampographe.jpeg 1200w, https:\/\/www.espace-avendre.com\/wp-content\/uploads\/2023\/11\/oui-mais-non-tampographe-262x300.jpeg 262w, https:\/\/www.espace-avendre.com\/wp-content\/uploads\/2023\/11\/oui-mais-non-tampographe-896x1024.jpeg 896w, https:\/\/www.espace-avendre.com\/wp-content\/uploads\/2023\/11\/oui-mais-non-tampographe-768x878.jpeg 768w, https:\/\/www.espace-avendre.com\/wp-content\/uploads\/2023\/11\/oui-mais-non-tampographe-600x686.jpeg 600w\" sizes=\"auto, (max-width: 1200px) 100vw, 1200px\" \/>\t \t<figcaption class=\"figcaption\">\n\t \t\t\t\t\t\t\t\t<p><span class=\"date\"><span>09<\/span><span><span>Sat<\/span><span>Dec<\/span><span>2023<\/span><\/span><\/span><span class=\"date\"><span>10<\/span><span><span>Sat<\/span><span>Feb<\/span><span>2024<\/span><\/span><\/span><\/p>\n\t\t\t<h2>\n\t\t\t\t<a href=\"https:\/\/www.espace-avendre.com\/en\/exhibition\/pop-up-store-2\/\" title=\"POP-UP STORE #2\">\n\t\t\t\t\tPOP-UP STORE #2\t\t\t\t\t\t\t\t\t<\/a>\n\t\t\t<\/h2>\n\t\t<\/figcaption>\n\t\t<div class=\"opacity\"><\/div>\n<\/figure>\t<\/div>\n<\/section>\n<script type=\"text\/javascript\">\n\tjQuery(document).ready(function($){\n\t    $('#slider-block_8b24efb1e12c36dc075c21f9ef85101d .afg-slider').slick({\n\t  \t\t\tautoplay:true,\n  \t\t\t\tautoplaySpeed:3000,\n  \t\t\t\tpauseOnHover:false,\n  \t\t\t\tdots: true,\n  \t\t\t\tspeed: 600,\n  \t\t\t\t\t            \tarrows : true,\n\t            \t  \t\t\t\t  \t\t\t\tvariableWidth:true,\n\t  \t\t\t\t  \t\t\t\t  \t\t\t\tslidesToShow: 1,\n\t  \t\t\t\t  \t\t\tresponsive:[\n\t\t  \t\t\t{\n\t\t\t\t      breakpoint: 1024,\n\t\t\t\t      autoplay:true,\n\t\t\t\t      settings: {\n\t\t\t\t        slidesToShow: 1,\n\t\t\t\t        centerMode: true,\n\t\t\t\t        centerPadding: '20px',\n\t\t\t\t    \tarrows : false,\n\t\t\t\t    \tvariableWidth:false,\n\t\t\t\t    \tdots:false,\n\t\t\t\t      }\n\t\t\t\t    },\n\t  \t\t\t],\n\n\t\t});\n\n\t    \t});\n<\/script>\n\n\n\t\t<section class=\"posts-list \" id=\"posts-list-block_f9d070ee0fcae0d8b08323ba92b3a4c3\">\n\t\t\t\t\t\t<div class=\"figcaption afg-click\" id=\"post-8476\">\n\t\t\t<p><span class=\"date\"><span>04<\/span><span><span>Sat<\/span><span>Apr<\/span><span>2026<\/span><\/span><\/span><span class=\"date\"><span>30<\/span><span><span>Sat<\/span><span>May<\/span><span>2026<\/span><\/span><\/span><\/p>\n\t\t\n\t<h2 class=\"afg-click-one\">\n\t\t<a href=\"https:\/\/www.espace-avendre.com\/en\/exhibition\/out-of-body\/\" title=\"Out of body\">\n\t\t\tOut of body\t\t<\/a>\n\t\t\t<span class=\"subtitle\">&nbsp;\/&nbsp;Quatre artistes invit\u00e9s en partenariat avec le 18eme Festival In and Out de Nice<\/span>\n\t<span class=\"afg-meta\">Exhibition<\/span>\n\t<span class=\"afg-meta\">&nbsp;\/&nbsp;espace \u00e0 vendre \/ Art contemporain, Nice<\/span>\n\t<\/h2>\n\t<\/div><div class=\"figcaption afg-click\" id=\"post-8310\">\n\t\t\t<p><span class=\"date\"><span>06<\/span><span><span>Sat<\/span><span>Dec<\/span><span>2025<\/span><\/span><\/span><span class=\"date\"><span>15<\/span><span><span>Sun<\/span><span>Feb<\/span><span>2026<\/span><\/span><\/span><\/p>\n\t\t\n\t<h2 class=\"afg-click-one\">\n\t\t<a href=\"https:\/\/www.espace-avendre.com\/en\/exhibition\/ca-rayonne\/\" title=\"\u00c7a rayonne !\">\n\t\t\t\u00c7a rayonne !\t\t<\/a>\n\t\t\t<span class=\"subtitle rooms single\">&nbsp;\/&nbsp;La galerie, le showroom<\/span>\n\t<span class=\"afg-meta\">Exhibition<\/span>\n\t<span class=\"afg-meta\">&nbsp;\/&nbsp;espace \u00e0 vendre \/ Art contemporain, Nice<\/span>\n\t<\/h2>\n\t<\/div><div class=\"figcaption afg-click\" id=\"post-8313\">\n\t\t\t<p><span class=\"date\"><span>06<\/span><span><span>Sat<\/span><span>Dec<\/span><span>2025<\/span><\/span><\/span><span class=\"date\"><span>31<\/span><span><span>Sat<\/span><span>Jan<\/span><span>2026<\/span><\/span><\/span><\/p>\n\t\t\n\t<h2 class=\"afg-click-one\">\n\t\t<a href=\"https:\/\/www.espace-avendre.com\/en\/exhibition\/prolongation-de-lexposition-seves-par-jeremy-griffaud\/\" title=\"Prolongation de la partie immersive de l\u2019exposition : S\u00e8ves de Jeremy Griffaud\">\n\t\t\tProlongation de la partie immersive de l\u2019exposition : S\u00e8ves de Jeremy Griffaud\t\t<\/a>\n\t\t\t<span class=\"subtitle\">&nbsp;\/&nbsp;Exposition personnelle de J\u00e9r\u00e9my Griffaud dans le ch\u00e2teau d&#8217;Espace \u00e0 vendre, Nice<\/span>\n\t<span class=\"subtitle rooms single\">&nbsp;\/&nbsp;Le ch\u00e2teau<\/span>\n\t<span class=\"afg-meta\">Exhibition<\/span>\n\t<span class=\"afg-meta\">&nbsp;\/&nbsp;espace \u00e0 vendre \/ Art contemporain, Nice<\/span>\n\t<\/h2>\n\t<\/div><div class=\"figcaption afg-click\" id=\"post-8252\">\n\t\t\t<p><span class=\"date\"><span>11<\/span><span><span>Sat<\/span><span>Oct<\/span><span>2025<\/span><\/span><\/span><span class=\"date\"><span>28<\/span><span><span>Fri<\/span><span>Nov<\/span><span>2025<\/span><\/span><\/span><\/p>\n\t\t\n\t<h2 class=\"afg-click-one\">\n\t\t<a href=\"https:\/\/www.espace-avendre.com\/en\/exhibition\/carte-blanche-a-jeremy-griffaud\/\" title=\"Carte blanche \u00e0 J\u00e9r\u00e9my Griffaud\">\n\t\t\tCarte blanche \u00e0 J\u00e9r\u00e9my Griffaud\t\t<\/a>\n\t\t\t<span class=\"subtitle\">&nbsp;\/&nbsp;\u00c0 Nice : Exposition personnelle : Jeremy Griffaud, S\u00e8ves<\/span>\n\t<span class=\"subtitle rooms single\">&nbsp;\/&nbsp;La galerie, le ch\u00e2teau<\/span>\n\t<span class=\"afg-meta\">Exhibition<\/span>\n\t<span class=\"afg-meta\">&nbsp;\/&nbsp;espace \u00e0 vendre \/ Art contemporain, Nice<\/span>\n\t<\/h2>\n\t<\/div><div class=\"figcaption afg-click\" id=\"post-8268\">\n\t\t\t<p><span class=\"date\"><span>11<\/span><span><span>Sat<\/span><span>Oct<\/span><span>2025<\/span><\/span><\/span><span class=\"date\"><span>28<\/span><span><span>Fri<\/span><span>Nov<\/span><span>2025<\/span><\/span><\/span><\/p>\n\t\t\n\t<h2 class=\"afg-click-one\">\n\t\t<a href=\"https:\/\/www.espace-avendre.com\/en\/exhibition\/zone-grise-julien-griffaud\/\" title=\"Zone grise, Julien Griffaud\">\n\t\t\tZone grise, Julien Griffaud\t\t<\/a>\n\t\t\t<span class=\"subtitle\">&nbsp;\/&nbsp;\u00c0 Nice : Artiste invit\u00e9 Julien Griffaud <\/span>\n\t<span class=\"subtitle rooms single\">&nbsp;\/&nbsp;Le showroom<\/span>\n\t<span class=\"afg-meta\">Exhibition<\/span>\n\t<span class=\"afg-meta\">&nbsp;\/&nbsp;espace \u00e0 vendre \/ Art contemporain, Nice<\/span>\n\t<\/h2>\n\t<\/div><div class=\"figcaption afg-click\" id=\"post-8123\">\n\t\t\t<p><span class=\"date\"><span>07<\/span><span><span>Sat<\/span><span>Jun<\/span><span>2025<\/span><\/span><\/span><span class=\"date\"><span>13<\/span><span><span>Sat<\/span><span>Sep<\/span><span>2025<\/span><\/span><\/span><\/p>\n\t\t\n\t<h2 class=\"afg-click-one\">\n\t\t<a href=\"https:\/\/www.espace-avendre.com\/en\/exhibition\/thierry-lagalla\/\" title=\"Thierry Lagalla &#8211;  Holeways on my mind\">\n\t\t\tThierry Lagalla &#8211;  Holeways on my mind\t\t<\/a>\n\t\t\t<span class=\"subtitle\">&nbsp;\/&nbsp;Exposition personnelle<\/span>\n\t<span class=\"subtitle rooms single\">&nbsp;\/&nbsp;La galerie<\/span>\n\t<span class=\"afg-meta\">Exhibition<\/span>\n\t<span class=\"afg-meta\">&nbsp;\/&nbsp;espace \u00e0 vendre \/ Art contemporain, Nice<\/span>\n\t<\/h2>\n\t<\/div><div class=\"figcaption afg-click\" id=\"post-8119\">\n\t\t\t<p><span class=\"date\"><span>06<\/span><span><span>Fri<\/span><span>Jun<\/span><span>2025<\/span><\/span><\/span><span class=\"date\"><span>13<\/span><span><span>Sat<\/span><span>Sep<\/span><span>2025<\/span><\/span><\/span><\/p>\n\t\t\n\t<h2 class=\"afg-click-one\">\n\t\t<a href=\"https:\/\/www.espace-avendre.com\/en\/exhibition\/emmanuel-regent-et-thomas-tison-le-theoreme-de-kutta\/\" title=\"Emmanuel R\u00e9gent et Thomas Tison &#8211; Le th\u00e9or\u00e8me de Kutta\">\n\t\t\tEmmanuel R\u00e9gent et Thomas Tison &#8211; Le th\u00e9or\u00e8me de Kutta\t\t<\/a>\n\t\t\t<span class=\"subtitle\">&nbsp;\/&nbsp;Duo entre un artiste et un architecte naval<\/span>\n\t<span class=\"subtitle rooms single\">&nbsp;\/&nbsp;Le ch\u00e2teau<\/span>\n\t<span class=\"afg-meta\">Exhibition<\/span>\n\t<span class=\"afg-meta\">&nbsp;\/&nbsp;espace \u00e0 vendre \/ Art contemporain, Nice<\/span>\n\t<\/h2>\n\t<\/div><div class=\"figcaption afg-click\" id=\"post-7983\">\n\t\t\t<p><span class=\"date\"><span>01<\/span><span><span>Sat<\/span><span>Mar<\/span><span>2025<\/span><\/span><\/span><span class=\"date\"><span>24<\/span><span><span>Sat<\/span><span>May<\/span><span>2025<\/span><\/span><\/span><\/p>\n\t\t\n\t<h2 class=\"afg-click-one\">\n\t\t<a href=\"https:\/\/www.espace-avendre.com\/en\/exhibition\/arnaud-maguet\/\" title=\"Arnaud Maguet\">\n\t\t\tArnaud Maguet\t\t<\/a>\n\t\t\t<span class=\"subtitle\">&nbsp;\/&nbsp;LA SUPR\u00caME TEAM DES CHAMPIONS &#038; L\u2019\u00c9TRANGE MATI\u00c8RE<\/span>\n\t<span class=\"subtitle rooms single\">&nbsp;\/&nbsp;Le ch\u00e2teau<\/span>\n\t<span class=\"afg-meta\">Exhibition<\/span>\n\t<span class=\"afg-meta\">&nbsp;\/&nbsp;espace \u00e0 vendre \/ Art contemporain, Nice<\/span>\n\t<\/h2>\n\t<\/div><div class=\"figcaption afg-click\" id=\"post-7986\">\n\t\t\t<p><span class=\"date\"><span>01<\/span><span><span>Sat<\/span><span>Mar<\/span><span>2025<\/span><\/span><\/span><span class=\"date\"><span>24<\/span><span><span>Sat<\/span><span>May<\/span><span>2025<\/span><\/span><\/span><\/p>\n\t\t\n\t<h2 class=\"afg-click-one\">\n\t\t<a href=\"https:\/\/www.espace-avendre.com\/en\/exhibition\/drawing-room\/\" title=\"Drawing room\">\n\t\t\tDrawing room\t\t<\/a>\n\t\t\t<span class=\"subtitle\">&nbsp;\/&nbsp;Egle Vismant\u00e9, Thierry Lagalla, Quentin Spohn, St\u00e9phane Steiner, Jean-Luc Verna and guests !<\/span>\n\t<span class=\"subtitle rooms single\">&nbsp;\/&nbsp;Le showroom, la galerie<\/span>\n\t<span class=\"afg-meta\">Exhibition<\/span>\n\t<span class=\"afg-meta\">&nbsp;\/&nbsp;espace \u00e0 vendre \/ Art contemporain, Nice<\/span>\n\t<\/h2>\n\t<\/div><div class=\"figcaption afg-click\" id=\"post-7895\">\n\t\t\t<p><span class=\"date\"><span>10<\/span><span><span>Tue<\/span><span>Dec<\/span><span>2024<\/span><\/span><\/span><span class=\"date\"><span>25<\/span><span><span>Sat<\/span><span>Jan<\/span><span>2025<\/span><\/span><\/span><\/p>\n\t\t\n\t<h2 class=\"afg-click-one\">\n\t\t<a href=\"https:\/\/www.espace-avendre.com\/en\/exhibition\/leffet-de-surprise\/\" title=\"L&#8217;effet de surprise\">\n\t\t\tL&#8217;effet de surprise\t\t<\/a>\n\t\t\t<span class=\"subtitle\">&nbsp;\/&nbsp;Dans la galerie et le showroom<\/span>\n\t<span class=\"subtitle rooms single\">&nbsp;\/&nbsp;La galerie, le showroom<\/span>\n\t<span class=\"afg-meta\">Exhibition<\/span>\n\t<span class=\"afg-meta\">&nbsp;\/&nbsp;espace \u00e0 vendre \/ Art contemporain, Nice<\/span>\n\t<\/h2>\n\t<\/div>\t\t\t\t\t<div class=\"row cta-wrapper\">\n\t\t\t\t<a href=\"https:\/\/www.espace-avendre.com\/en\/exhibitions\/\" title=\"See all the exhibitions\" class=\"button big\">See all the exhibitions<\/a>\n\t\t\t<\/div>\n\t\t\t<\/section>\n\n\n\t<section id=\"posts-grid-block_ddaadf38af6f75c68d7a884e27c5889f\" class=\"row \">\n\t\t\t\t\t<p class=\"h1 mb-0 col-lg-12 afg-text-center pt-30 pb-30\">Selection of Events<\/p>\n\t\t\t\t\t\t<div class=\"afg-inner-row afg-flex-wrap grid\">\n\t\t\t<div class=\"grid-sizer\"><\/div><div class=\"gutter-sizer\"><\/div>\n\t\t\t<div class=\"afg-grid-item col-lg-6 afg-click\">\n\t<figure>\n\t\t<img loading=\"lazy\" decoding=\"async\" width=\"1024\" height=\"1024\" src=\"https:\/\/www.espace-avendre.com\/wp-content\/uploads\/2021\/07\/espace-a-vendre-bienvenue-paris-2018-04-1024x1024.jpg\" class=\"attachment-large size-large wp-post-image\" alt=\"\" srcset=\"https:\/\/www.espace-avendre.com\/wp-content\/uploads\/2021\/07\/espace-a-vendre-bienvenue-paris-2018-04-1024x1024.jpg 1024w, https:\/\/www.espace-avendre.com\/wp-content\/uploads\/2021\/07\/espace-a-vendre-bienvenue-paris-2018-04-300x300.jpg 300w, https:\/\/www.espace-avendre.com\/wp-content\/uploads\/2021\/07\/espace-a-vendre-bienvenue-paris-2018-04-100x100.jpg 100w, https:\/\/www.espace-avendre.com\/wp-content\/uploads\/2021\/07\/espace-a-vendre-bienvenue-paris-2018-04-600x600.jpg 600w, https:\/\/www.espace-avendre.com\/wp-content\/uploads\/2021\/07\/espace-a-vendre-bienvenue-paris-2018-04-150x150.jpg 150w, https:\/\/www.espace-avendre.com\/wp-content\/uploads\/2021\/07\/espace-a-vendre-bienvenue-paris-2018-04-768x768.jpg 768w, https:\/\/www.espace-avendre.com\/wp-content\/uploads\/2021\/07\/espace-a-vendre-bienvenue-paris-2018-04.jpg 1450w\" sizes=\"auto, (max-width: 1024px) 100vw, 1024px\" \/>\t\t<figcaption>\n\t\t\t<p><\/p>\n\t\t<\/figcaption>\n\t<\/figure>\n\t<div class=\"figcaption\">\n\t\t\t\t\t\t<p><span class=\"date\"><span>15<\/span><span><span>Mon<\/span><span>Oct<\/span><span>2018<\/span><\/span><\/span><span class=\"date\"><span>27<\/span><span><span>Sat<\/span><span>Oct<\/span><span>2018<\/span><\/span><\/span><\/p>\n\t\t<h2>\n\t\t\t<a href=\"https:\/\/www.espace-avendre.com\/en\/event\/bienvenue-paris-2018\/\" title=\"Bienvenue &#8211; Paris 2018\">\n\t\t\t\tBienvenue &#8211; Paris 2018\t\t\t<\/a>\n\t\t\t\t<span class=\"subtitle\">&nbsp;\/&nbsp;Cit\u00e9 Internationale des Arts, Paris<\/span>\n\t<span class=\"afg-meta\">Event<\/span>\n\t<span class=\"afg-meta grid\">&nbsp;\/&nbsp;2018<\/span>\n\t\t<\/h2>\n\t<\/div>\n<\/div><div class=\"afg-grid-item col-lg-6 afg-click\">\n\t<figure>\n\t\t<img loading=\"lazy\" decoding=\"async\" width=\"1024\" height=\"1024\" src=\"https:\/\/www.espace-avendre.com\/wp-content\/uploads\/2021\/07\/espace-a-vendre-camera-camera-2017-01-1024x1024.jpg\" class=\"attachment-large size-large wp-post-image\" alt=\"\" srcset=\"https:\/\/www.espace-avendre.com\/wp-content\/uploads\/2021\/07\/espace-a-vendre-camera-camera-2017-01-1024x1024.jpg 1024w, https:\/\/www.espace-avendre.com\/wp-content\/uploads\/2021\/07\/espace-a-vendre-camera-camera-2017-01-300x300.jpg 300w, https:\/\/www.espace-avendre.com\/wp-content\/uploads\/2021\/07\/espace-a-vendre-camera-camera-2017-01-100x100.jpg 100w, https:\/\/www.espace-avendre.com\/wp-content\/uploads\/2021\/07\/espace-a-vendre-camera-camera-2017-01-600x600.jpg 600w, https:\/\/www.espace-avendre.com\/wp-content\/uploads\/2021\/07\/espace-a-vendre-camera-camera-2017-01-150x150.jpg 150w, https:\/\/www.espace-avendre.com\/wp-content\/uploads\/2021\/07\/espace-a-vendre-camera-camera-2017-01-768x768.jpg 768w, https:\/\/www.espace-avendre.com\/wp-content\/uploads\/2021\/07\/espace-a-vendre-camera-camera-2017-01.jpg 1450w\" sizes=\"auto, (max-width: 1024px) 100vw, 1024px\" \/>\t\t<figcaption>\n\t\t\t<p><\/p>\n\t\t<\/figcaption>\n\t<\/figure>\n\t<div class=\"figcaption\">\n\t\t\t\t\t\t<p><span class=\"date\"><span>25<\/span><span><span>Sat<\/span><span>Nov<\/span><span>2017<\/span><\/span><\/span><span class=\"date\"><span>26<\/span><span><span>Sun<\/span><span>Nov<\/span><span>2017<\/span><\/span><\/span><\/p>\n\t\t<h2>\n\t\t\t<a href=\"https:\/\/www.espace-avendre.com\/en\/event\/camera-camera-2017\/\" title=\"Camera\/Camera 2017\">\n\t\t\t\tCamera\/Camera 2017\t\t\t<\/a>\n\t\t\t\t<span class=\"subtitle\">&nbsp;\/&nbsp;Hotel Windsor Nice<\/span>\n\t<span class=\"afg-meta\">Event<\/span>\n\t<span class=\"afg-meta grid\">&nbsp;\/&nbsp;2017<\/span>\n\t\t<\/h2>\n\t<\/div>\n<\/div><div class=\"afg-grid-item col-lg-6 afg-click\">\n\t<figure>\n\t\t<img loading=\"lazy\" decoding=\"async\" width=\"1024\" height=\"768\" src=\"https:\/\/www.espace-avendre.com\/wp-content\/uploads\/2021\/07\/espace-a-vendre-galeristes-carreau-du-temple-paris-2016-02-1024x768.jpg\" class=\"attachment-large size-large wp-post-image\" alt=\"\" srcset=\"https:\/\/www.espace-avendre.com\/wp-content\/uploads\/2021\/07\/espace-a-vendre-galeristes-carreau-du-temple-paris-2016-02-1024x768.jpg 1024w, https:\/\/www.espace-avendre.com\/wp-content\/uploads\/2021\/07\/espace-a-vendre-galeristes-carreau-du-temple-paris-2016-02-600x450.jpg 600w, https:\/\/www.espace-avendre.com\/wp-content\/uploads\/2021\/07\/espace-a-vendre-galeristes-carreau-du-temple-paris-2016-02-300x225.jpg 300w, https:\/\/www.espace-avendre.com\/wp-content\/uploads\/2021\/07\/espace-a-vendre-galeristes-carreau-du-temple-paris-2016-02-768x576.jpg 768w, https:\/\/www.espace-avendre.com\/wp-content\/uploads\/2021\/07\/espace-a-vendre-galeristes-carreau-du-temple-paris-2016-02.jpg 1450w\" sizes=\"auto, (max-width: 1024px) 100vw, 1024px\" \/>\t\t<figcaption>\n\t\t\t<p><\/p>\n\t\t<\/figcaption>\n\t<\/figure>\n\t<div class=\"figcaption\">\n\t\t\t\t\t\t<p><span class=\"date\"><span>08<\/span><span><span>Thu<\/span><span>Dec<\/span><span>2016<\/span><\/span><\/span><span class=\"date\"><span>11<\/span><span><span>Sun<\/span><span>Dec<\/span><span>2016<\/span><\/span><\/span><\/p>\n\t\t<h2>\n\t\t\t<a href=\"https:\/\/www.espace-avendre.com\/en\/event\/galeristes\/\" title=\"Gallerists 2016\">\n\t\t\t\tGallerists 2016\t\t\t<\/a>\n\t\t\t\t<span class=\"subtitle\">&nbsp;\/&nbsp;Carreau du temple, Paris<\/span>\n\t<span class=\"afg-meta\">Event<\/span>\n\t<span class=\"afg-meta grid\">&nbsp;\/&nbsp;2016<\/span>\n\t\t<\/h2>\n\t<\/div>\n<\/div><div class=\"afg-grid-item col-lg-6 afg-click\">\n\t<figure>\n\t\t<img loading=\"lazy\" decoding=\"async\" width=\"1024\" height=\"683\" src=\"https:\/\/www.espace-avendre.com\/wp-content\/uploads\/2021\/07\/espace-a-vendre-artmontecarlo-01-1024x683.jpg\" class=\"attachment-large size-large wp-post-image\" alt=\"\" srcset=\"https:\/\/www.espace-avendre.com\/wp-content\/uploads\/2021\/07\/espace-a-vendre-artmontecarlo-01-1024x683.jpg 1024w, https:\/\/www.espace-avendre.com\/wp-content\/uploads\/2021\/07\/espace-a-vendre-artmontecarlo-01-600x400.jpg 600w, https:\/\/www.espace-avendre.com\/wp-content\/uploads\/2021\/07\/espace-a-vendre-artmontecarlo-01-300x200.jpg 300w, https:\/\/www.espace-avendre.com\/wp-content\/uploads\/2021\/07\/espace-a-vendre-artmontecarlo-01-768x512.jpg 768w, https:\/\/www.espace-avendre.com\/wp-content\/uploads\/2021\/07\/espace-a-vendre-artmontecarlo-01.jpg 1450w\" sizes=\"auto, (max-width: 1024px) 100vw, 1024px\" \/>\t\t<figcaption>\n\t\t\t<p><\/p>\n\t\t<\/figcaption>\n\t<\/figure>\n\t<div class=\"figcaption\">\n\t\t\t\t\t\t<p><span class=\"date\"><span>28<\/span><span><span>Thu<\/span><span>Apr<\/span><span>2016<\/span><\/span><\/span><span class=\"date\"><span>01<\/span><span><span>Sun<\/span><span>May<\/span><span>2016<\/span><\/span><\/span><\/p>\n\t\t<h2>\n\t\t\t<a href=\"https:\/\/www.espace-avendre.com\/en\/event\/artmontecarlo\/\" title=\"Art montecarlo 2016\">\n\t\t\t\tArt montecarlo 2016\t\t\t<\/a>\n\t\t\t\t<span class=\"subtitle\">&nbsp;\/&nbsp;Grimaldi Forum Monaco<\/span>\n\t<span class=\"afg-meta\">Event<\/span>\n\t<span class=\"afg-meta grid\">&nbsp;\/&nbsp;2016<\/span>\n\t\t<\/h2>\n\t<\/div>\n<\/div>\t\t<\/div>\n\t<\/section>\n\t<div class=\"row justify-content-center\"><div class=\"nav-previous\"><\/div><div class=\"page-load-status col-lg-4\"><p class=\"infinite-scroll-request afg-loader\"><\/p><p class=\"infinite-scroll-last afg-button-2\">End of content<\/p><p class=\"infinite-scroll-error afg-button-2\">No more pages to load<\/p><\/div><\/div><div class=\"row justify-content-center\"><button class=\"view-more-button col-lg-4 afg-button-1 content-font-400-15\">Load More Posts<\/button><\/div>\t\t\t<div class=\"row cta-wrapper\">\n\t\t\t<a href=\"https:\/\/www.espace-avendre.com\/en\/events\/\" title=\"See all the events\" class=\"button big\">See all the events<\/a>\n\t\t<\/div>\n\t","protected":false},"excerpt":{"rendered":"","protected":false},"author":1,"featured_media":4208,"parent":0,"menu_order":0,"comment_status":"closed","ping_status":"closed","template":"","meta":{"_acf_changed":false,"footnotes":""},"class_list":["post-4611","page","type-page","status-publish","has-post-thumbnail","hentry"],"acf":[],"_links":{"self":[{"href":"https:\/\/www.espace-avendre.com\/en\/wp-json\/wp\/v2\/pages\/4611","targetHints":{"allow":["GET"]}}],"collection":[{"href":"https:\/\/www.espace-avendre.com\/en\/wp-json\/wp\/v2\/pages"}],"about":[{"href":"https:\/\/www.espace-avendre.com\/en\/wp-json\/wp\/v2\/types\/page"}],"author":[{"embeddable":true,"href":"https:\/\/www.espace-avendre.com\/en\/wp-json\/wp\/v2\/users\/1"}],"replies":[{"embeddable":true,"href":"https:\/\/www.espace-avendre.com\/en\/wp-json\/wp\/v2\/comments?post=4611"}],"version-history":[{"count":22,"href":"https:\/\/www.espace-avendre.com\/en\/wp-json\/wp\/v2\/pages\/4611\/revisions"}],"predecessor-version":[{"id":7306,"href":"https:\/\/www.espace-avendre.com\/en\/wp-json\/wp\/v2\/pages\/4611\/revisions\/7306"}],"wp:featuredmedia":[{"embeddable":true,"href":"https:\/\/www.espace-avendre.com\/en\/wp-json\/wp\/v2\/media\/4208"}],"wp:attachment":[{"href":"https:\/\/www.espace-avendre.com\/en\/wp-json\/wp\/v2\/media?parent=4611"}],"curies":[{"name":"wp","href":"https:\/\/api.w.org\/{rel}","templated":true}]}}